{"id":75,"date":"2026-05-13T15:45:26","date_gmt":"2026-05-13T15:45:26","guid":{"rendered":"https:\/\/lacabane-spriritueux.fr\/?page_id=75"},"modified":"2026-05-13T15:52:18","modified_gmt":"2026-05-13T15:52:18","slug":"la-cabane-le-rhum-des-bucherons-canadiens","status":"publish","type":"page","link":"https:\/\/lacabane-spriritueux.fr\/?page_id=75","title":{"rendered":"La Cabane: Le rhum des bucherons Canadiens"},"content":{"rendered":"\n<p><strong>Du rhum de b\u00fbcheron au sirop d&#8217;\u00e9rable et aux noix de p\u00e9can ?<\/strong> <strong>Et puis, pourquoi pas ?!<\/strong> Ce m\u00e9lange harmonieux de saveurs sauvages peut surprendre, un pur d\u00e9lice de trappeur. Un peu bois\u00e9, franchement gourmand, avec cette touche de s\u00e8ve sucr\u00e9e et le craquant des noix de p\u00e9can : <strong>La Cabane<\/strong> ne ressemble \u00e0 rien de ce que vous avez d\u00e9j\u00e0 go\u00fbt\u00e9.<\/p>\n\n\n\n<div class=\"wp-block-group is-layout-constrained wp-block-group-is-layout-constrained\">\n<div class=\"wp-block-columns is-layout-flex wp-container-core-columns-is-layout-28f84493 wp-block-columns-is-layout-flex\">\n<div class=\"wp-block-column is-layout-flow wp-block-column-is-layout-flow\" style=\"flex-basis:100%\">\n<figure class=\"wp-block-image size-large\"><img loading=\"lazy\" decoding=\"async\" width=\"1024\" height=\"614\" src=\"https:\/\/lacabane-spriritueux.fr\/wp-content\/uploads\/2026\/05\/Le-gout-des-grands-espaces-canadiens-1-1024x614.jpg\" alt=\"\" class=\"wp-image-76\" srcset=\"https:\/\/lacabane-spriritueux.fr\/wp-content\/uploads\/2026\/05\/Le-gout-des-grands-espaces-canadiens-1-1024x614.jpg 1024w, https:\/\/lacabane-spriritueux.fr\/wp-content\/uploads\/2026\/05\/Le-gout-des-grands-espaces-canadiens-1-300x180.jpg 300w, https:\/\/lacabane-spriritueux.fr\/wp-content\/uploads\/2026\/05\/Le-gout-des-grands-espaces-canadiens-1-768x461.jpg 768w, https:\/\/lacabane-spriritueux.fr\/wp-content\/uploads\/2026\/05\/Le-gout-des-grands-espaces-canadiens-1-1536x922.jpg 1536w, https:\/\/lacabane-spriritueux.fr\/wp-content\/uploads\/2026\/05\/Le-gout-des-grands-espaces-canadiens-1.jpg 2000w\" sizes=\"auto, (max-width: 1024px) 100vw, 1024px\" \/><\/figure>\n<\/div>\n<\/div>\n<\/div>\n\n\n\n<p>C&#8217;est l&#8217;hommage parfait \u00e0 ce que nous avons tous de plus inattendu, de plus brut et de plus authentique en nous.<\/p>\n","protected":false},"excerpt":{"rendered":"<p>Du rhum de b\u00fbcheron au sirop d&#8217;\u00e9rable et aux noix de p\u00e9can ? Et puis, pourquoi pas ?! Ce m\u00e9lange harmonieux de saveurs sauvages peut surprendre, un pur d\u00e9lice de trappeur. Un peu bois\u00e9, franchement gourmand, avec cette touche de s\u00e8ve sucr\u00e9e et le craquant des noix de p\u00e9can : La Cabane ne ressemble \u00e0 [&hellip;]<\/p>\n","protected":false},"author":1,"featured_media":0,"parent":0,"menu_order":0,"comment_status":"closed","ping_status":"closed","template":"","meta":{"footnotes":""},"class_list":["post-75","page","type-page","status-publish","hentry"],"_links":{"self":[{"href":"https:\/\/lacabane-spriritueux.fr\/index.php?rest_route=\/wp\/v2\/pages\/75","targetHints":{"allow":["GET"]}}],"collection":[{"href":"https:\/\/lacabane-spriritueux.fr\/index.php?rest_route=\/wp\/v2\/pages"}],"about":[{"href":"https:\/\/lacabane-spriritueux.fr\/index.php?rest_route=\/wp\/v2\/types\/page"}],"author":[{"embeddable":true,"href":"https:\/\/lacabane-spriritueux.fr\/index.php?rest_route=\/wp\/v2\/users\/1"}],"replies":[{"embeddable":true,"href":"https:\/\/lacabane-spriritueux.fr\/index.php?rest_route=%2Fwp%2Fv2%2Fcomments&post=75"}],"version-history":[{"count":2,"href":"https:\/\/lacabane-spriritueux.fr\/index.php?rest_route=\/wp\/v2\/pages\/75\/revisions"}],"predecessor-version":[{"id":78,"href":"https:\/\/lacabane-spriritueux.fr\/index.php?rest_route=\/wp\/v2\/pages\/75\/revisions\/78"}],"wp:attachment":[{"href":"https:\/\/lacabane-spriritueux.fr\/index.php?rest_route=%2Fwp%2Fv2%2Fmedia&parent=75"}],"curies":[{"name":"wp","href":"https:\/\/api.w.org\/{rel}","templated":true}]}}